{"id":1152,"date":"2025-09-17T10:33:30","date_gmt":"2025-09-17T10:33:30","guid":{"rendered":"https:\/\/reactheme.com\/products\/wordpress\/seoly\/?page_id=1152"},"modified":"2025-10-04T13:47:20","modified_gmt":"2025-10-04T11:47:20","slug":"blog-list","status":"publish","type":"page","link":"https:\/\/tests.best4ads.pl\/?page_id=1152","title":{"rendered":"Blog List"},"content":{"rendered":"\t\t<div data-elementor-type=\"wp-page\" data-elementor-id=\"1152\" class=\"elementor elementor-1152\">\n\t\t\t\t<div class=\"elementor-element elementor-element-a4deeb5 e-flex e-con-boxed e-con e-parent\" data-id=\"a4deeb5\" data-element_type=\"container\" data-settings=\"{&quot;background_background&quot;:&quot;classic&quot;}\">\n\t\t\t\t\t<div class=\"e-con-inner\">\n\t\t<div class=\"elementor-element elementor-element-898052e e-con-full e-flex e-con e-child\" data-id=\"898052e\" data-element_type=\"container\">\n\t\t<div class=\"elementor-element elementor-element-e61fd39 e-con-full e-flex e-con e-child\" data-id=\"e61fd39\" data-element_type=\"container\">\n\t\t\t\t<div class=\"elementor-element elementor-element-b19bd3b elementor-invisible elementor-widget elementor-widget-heading\" data-id=\"b19bd3b\" data-element_type=\"widget\" data-settings=\"{&quot;_animation&quot;:&quot;fadeInUp&quot;}\" data-widget_type=\"heading.default\">\n\t\t\t\t\t<span class=\"elementor-heading-title elementor-size-default\">Rank Higher Grow Faster<\/span>\t\t\t\t<\/div>\n\t\t\r\n\r\n\t\t<div class=\"elementor-element elementor-element-d837391 elementor-invisible elementor-widget elementor-widget-page-title\" data-id=\"d837391\" data-element_type=\"widget\" data-settings=\"{&quot;_animation&quot;:&quot;fadeInUp&quot;}\" data-widget_type=\"page-title.default\">\n\t\t\t\t<div class=\"elementor-widget-container\">\n\t\t\t\t\t\t\t<div class=\"eel-page-title-wrapper eel-title-size-large eel-border-position-left\">\r\n\t\t\t\r\n\t\t\t\t\t<h1 class=\"eel-page-title\">\r\n\t\t\t\t\t\t\t\tBlog List\t\t\t<\/h1>\r\n\t\t\t\t\t\t\t\t\r\n\t\t\t\t\t<\/div>\r\n\t\t\t\t\t\t<\/div>\n\t\t\t\t<\/div>\n\t\t\t\t<div class=\"elementor-element elementor-element-4a41de4 elementor-invisible elementor-widget elementor-widget-eel-breadcrumb\" data-id=\"4a41de4\" data-element_type=\"widget\" data-settings=\"{&quot;_animation&quot;:&quot;fadeInUp&quot;}\" data-widget_type=\"eel-breadcrumb.default\">\n\t\t\t\t<div class=\"elementor-widget-container\">\n\t\t\t\t\t<style>.eel-breadcrumb { color: #727A8599; }.eel-breadcrumb .breadcrumb-separator { color: #FF7851; }<\/style><div class=\"eel-breadcrumb\"><div class=\"breadcrumb-path\"><a href=\"https:\/\/tests.best4ads.pl\/\"><span class=\"breadcrumb-home-icon\"><i class=\"far fa-address-book\"><\/i><\/span> <span class=\"breadcrumb-home-text\">Home<\/span><\/a><\/div><\/div>\t\t\t\t<\/div>\n\t\t\t\t<\/div>\n\t\t\t\t<\/div>\n\t\t\t\t<div class=\"elementor-element elementor-element-0e7f5b3 elementor-widget__width-initial elementor-absolute elementor-hidden-mobile elementor-invisible elementor-widget elementor-widget-image\" data-id=\"0e7f5b3\" data-element_type=\"widget\" data-settings=\"{&quot;_position&quot;:&quot;absolute&quot;,&quot;_animation&quot;:&quot;fadeInRight&quot;}\" data-widget_type=\"image.default\">\n\t\t\t\t\t\t\t\t\t\t\t\t\t\t\t<img fetchpriority=\"high\" decoding=\"async\" width=\"640\" height=\"380\" src=\"https:\/\/tests.best4ads.pl\/wp-content\/uploads\/2025\/09\/c7-scaled-1-1024x608.webp\" class=\"attachment-large size-large wp-image-1088\" alt=\"\" srcset=\"https:\/\/tests.best4ads.pl\/wp-content\/uploads\/2025\/09\/c7-scaled-1-1024x608.webp 1024w, https:\/\/tests.best4ads.pl\/wp-content\/uploads\/2025\/09\/c7-scaled-1-300x178.webp 300w, https:\/\/tests.best4ads.pl\/wp-content\/uploads\/2025\/09\/c7-scaled-1-768x456.webp 768w, https:\/\/tests.best4ads.pl\/wp-content\/uploads\/2025\/09\/c7-scaled-1-1536x913.webp 1536w, https:\/\/tests.best4ads.pl\/wp-content\/uploads\/2025\/09\/c7-scaled-1-2048x1217.webp 2048w\" sizes=\"(max-width: 640px) 100vw, 640px\" \/>\t\t\t\t\t\t\t\t\t\t\t\t\t\t\t<\/div>\n\t\t\t\t<\/div>\n\t\t\t\t\t<\/div>\n\t\t\t\t<\/div>\n\t\t<div class=\"elementor-element elementor-element-54c2dbb e-flex e-con-boxed e-con e-parent\" data-id=\"54c2dbb\" data-element_type=\"container\">\n\t\t\t\t\t<div class=\"e-con-inner\">\n\t\t\t\t<div class=\"elementor-element elementor-element-241b73e elementor-invisible elementor-widget elementor-widget-react-blog\" data-id=\"241b73e\" data-element_type=\"widget\" data-settings=\"{&quot;_animation&quot;:&quot;fadeInUp&quot;}\" data-widget_type=\"react-blog.default\">\n\t\t\t\t<div class=\"elementor-widget-container\">\n\t\t\t\t\t\r\n\t\t<div class=\"reactheme-blog-grid2x reactheme-blog-grid style2\">          \r\n            <div class=\"row blog-grid-item\">\r\n\t\t\t \t <div class=\"rt_blog col-lg-12 col-md-12 col-sm-12 col-12\">\r\n    <div class=\"row gy-3 gx-5 align-items-center\">\r\n                <div class=\"col-lg-4\">\r\n            <h3 class=\"title\"> \r\n                <a href=\"https:\/\/tests.best4ads.pl\/?p=1\">\r\n                    Witaj, \u015bwiecie!                <\/a>\r\n            <\/h3>\r\n            <div class=\"mt-3 d-flex align-items-center\">\r\n                                    <div class=\"rt_blog__author me-3\">\r\n                        <a href=\"https:\/\/tests.best4ads.pl\/?author=1\" class=\"rt_blog__author__link\">\r\n                            <img decoding=\"async\" src=\"https:\/\/secure.gravatar.com\/avatar\/e9f65b06928d0520c6e689a1f6f9be40d90aa4d88375eec69552ff3deb72a584?s=96&d=mm&r=g\" alt=\"admin-PFbc5RCn\">\r\n                            <span class=\"fs-14\">admin-PFbc5RCn<\/span>\r\n                        <\/a>\r\n                    <\/div>\r\n                                                    <div class=\"rt_blog__date\">\r\n                        <i class=\"far fa-calendar-alt me-1\"><\/i>\r\n                    04 pa\u017a 2025                    <\/div>\r\n                            <\/div>\r\n        <\/div>\r\n                    <div class=\"col-lg-4 blog__excerpt-wrapper\">\r\n                <p class=\"blog__excerpt\">\r\n                    Witamy w WordPressie. To jest tw\u00f3j pierwszy wpis. Edytuj go lub usu\u0144, a nast\u0119pnie zacznij pisa\u0107!                <\/p>\r\n            <\/div>\r\n                    <\/div>\r\n<\/div>      \r\n\t\t\t\t <div class=\"rt_blog col-lg-12 col-md-12 col-sm-12 col-12\">\r\n    <div class=\"row gy-3 gx-5 align-items-center\">\r\n                <div class=\"col-lg-4\">\r\n            <h3 class=\"title\"> \r\n                <a href=\"https:\/\/tests.best4ads.pl\/?p=1149\">\r\n                    On-Page SEO Strategies to Boost Rankings                <\/a>\r\n            <\/h3>\r\n            <div class=\"mt-3 d-flex align-items-center\">\r\n                                    <div class=\"rt_blog__author me-3\">\r\n                        <a href=\"https:\/\/tests.best4ads.pl\/?author=1\" class=\"rt_blog__author__link\">\r\n                            <img decoding=\"async\" src=\"https:\/\/secure.gravatar.com\/avatar\/e9f65b06928d0520c6e689a1f6f9be40d90aa4d88375eec69552ff3deb72a584?s=96&d=mm&r=g\" alt=\"admin-PFbc5RCn\">\r\n                            <span class=\"fs-14\">admin-PFbc5RCn<\/span>\r\n                        <\/a>\r\n                    <\/div>\r\n                                                    <div class=\"rt_blog__date\">\r\n                        <i class=\"far fa-calendar-alt me-1\"><\/i>\r\n                    17 wrz 2025                    <\/div>\r\n                            <\/div>\r\n        <\/div>\r\n                    <div class=\"col-lg-4 blog__excerpt-wrapper\">\r\n                <p class=\"blog__excerpt\">\r\n                    In today\u2019s rapidly evolving market, staying ahead requires more than just intuition\u2014it demands insight, structure, and                <\/p>\r\n            <\/div>\r\n                                <div class=\"col-lg-4\">\r\n                    <div class=\"post__thumb\">\r\n                        <img decoding=\"async\" width=\"640\" height=\"426\" src=\"https:\/\/tests.best4ads.pl\/wp-content\/uploads\/2025\/09\/blog-7.jpg\" class=\"w-100 rounded-1 wp-post-image\" alt=\"On-Page SEO Strategies to Boost Rankings\" srcset=\"https:\/\/tests.best4ads.pl\/wp-content\/uploads\/2025\/09\/blog-7.jpg 1000w, https:\/\/tests.best4ads.pl\/wp-content\/uploads\/2025\/09\/blog-7-300x200.jpg 300w, https:\/\/tests.best4ads.pl\/wp-content\/uploads\/2025\/09\/blog-7-768x511.jpg 768w\" sizes=\"(max-width: 640px) 100vw, 640px\" \/>                    <\/div>\r\n                <\/div>\r\n                <\/div>\r\n<\/div>      \r\n\t\t\t\t <div class=\"rt_blog col-lg-12 col-md-12 col-sm-12 col-12\">\r\n    <div class=\"row gy-3 gx-5 align-items-center\">\r\n                        <div class=\"col-lg-4\">\r\n                    <div class=\"post__thumb\">\r\n                        <img decoding=\"async\" width=\"640\" height=\"426\" src=\"https:\/\/tests.best4ads.pl\/wp-content\/uploads\/2025\/09\/blog-6.webp\" class=\"w-100 rounded-1 wp-post-image\" alt=\"Link Building Methods That Still Work in 2025\" srcset=\"https:\/\/tests.best4ads.pl\/wp-content\/uploads\/2025\/09\/blog-6.webp 1000w, https:\/\/tests.best4ads.pl\/wp-content\/uploads\/2025\/09\/blog-6-300x200.webp 300w, https:\/\/tests.best4ads.pl\/wp-content\/uploads\/2025\/09\/blog-6-768x511.webp 768w\" sizes=\"(max-width: 640px) 100vw, 640px\" \/>                    <\/div>\r\n                <\/div>\r\n                    <div class=\"col-lg-4\">\r\n            <h3 class=\"title\"> \r\n                <a href=\"https:\/\/tests.best4ads.pl\/?p=1143\">\r\n                    Link Building Methods That Still Work in 2025                <\/a>\r\n            <\/h3>\r\n            <div class=\"mt-3 d-flex align-items-center\">\r\n                                    <div class=\"rt_blog__author me-3\">\r\n                        <a href=\"https:\/\/tests.best4ads.pl\/?author=1\" class=\"rt_blog__author__link\">\r\n                            <img decoding=\"async\" src=\"https:\/\/secure.gravatar.com\/avatar\/e9f65b06928d0520c6e689a1f6f9be40d90aa4d88375eec69552ff3deb72a584?s=96&d=mm&r=g\" alt=\"admin-PFbc5RCn\">\r\n                            <span class=\"fs-14\">admin-PFbc5RCn<\/span>\r\n                        <\/a>\r\n                    <\/div>\r\n                                                    <div class=\"rt_blog__date\">\r\n                        <i class=\"far fa-calendar-alt me-1\"><\/i>\r\n                    16 wrz 2025                    <\/div>\r\n                            <\/div>\r\n        <\/div>\r\n                    <div class=\"col-lg-4 blog__excerpt-wrapper\">\r\n                <p class=\"blog__excerpt\">\r\n                    In today\u2019s rapidly evolving market, staying ahead requires more than just intuition\u2014it demands insight, structure, and                <\/p>\r\n            <\/div>\r\n                    <\/div>\r\n<\/div>      \r\n\t\t\t\t <div class=\"rt_blog col-lg-12 col-md-12 col-sm-12 col-12\">\r\n    <div class=\"row gy-3 gx-5 align-items-center\">\r\n                <div class=\"col-lg-4\">\r\n            <h3 class=\"title\"> \r\n                <a href=\"https:\/\/tests.best4ads.pl\/?p=1141\">\r\n                    SEO Keyword Research Tips to Drive Organic Traffic                <\/a>\r\n            <\/h3>\r\n            <div class=\"mt-3 d-flex align-items-center\">\r\n                                    <div class=\"rt_blog__author me-3\">\r\n                        <a href=\"https:\/\/tests.best4ads.pl\/?author=1\" class=\"rt_blog__author__link\">\r\n                            <img decoding=\"async\" src=\"https:\/\/secure.gravatar.com\/avatar\/e9f65b06928d0520c6e689a1f6f9be40d90aa4d88375eec69552ff3deb72a584?s=96&d=mm&r=g\" alt=\"admin-PFbc5RCn\">\r\n                            <span class=\"fs-14\">admin-PFbc5RCn<\/span>\r\n                        <\/a>\r\n                    <\/div>\r\n                                                    <div class=\"rt_blog__date\">\r\n                        <i class=\"far fa-calendar-alt me-1\"><\/i>\r\n                    16 wrz 2025                    <\/div>\r\n                            <\/div>\r\n        <\/div>\r\n                    <div class=\"col-lg-4 blog__excerpt-wrapper\">\r\n                <p class=\"blog__excerpt\">\r\n                    In today\u2019s rapidly evolving market, staying ahead requires more than just intuition\u2014it demands insight, structure, and                <\/p>\r\n            <\/div>\r\n                                <div class=\"col-lg-4\">\r\n                    <div class=\"post__thumb\">\r\n                        <img loading=\"lazy\" decoding=\"async\" width=\"640\" height=\"426\" src=\"https:\/\/tests.best4ads.pl\/wp-content\/uploads\/2025\/09\/blog-5.webp\" class=\"w-100 rounded-1 wp-post-image\" alt=\"SEO Keyword Research Tips to Drive Organic Traffic\" srcset=\"https:\/\/tests.best4ads.pl\/wp-content\/uploads\/2025\/09\/blog-5.webp 1000w, https:\/\/tests.best4ads.pl\/wp-content\/uploads\/2025\/09\/blog-5-300x200.webp 300w, https:\/\/tests.best4ads.pl\/wp-content\/uploads\/2025\/09\/blog-5-768x511.webp 768w\" sizes=\"(max-width: 640px) 100vw, 640px\" \/>                    <\/div>\r\n                <\/div>\r\n                <\/div>\r\n<\/div>      \r\n\t\t\t\t <div class=\"rt_blog col-lg-12 col-md-12 col-sm-12 col-12\">\r\n    <div class=\"row gy-3 gx-5 align-items-center\">\r\n                        <div class=\"col-lg-4\">\r\n                    <div class=\"post__thumb\">\r\n                        <img loading=\"lazy\" decoding=\"async\" width=\"640\" height=\"426\" src=\"https:\/\/tests.best4ads.pl\/wp-content\/uploads\/2025\/09\/blog-4.webp\" class=\"w-100 rounded-1 wp-post-image\" alt=\"Local SEO Tactics Every Small Business Must Know\" srcset=\"https:\/\/tests.best4ads.pl\/wp-content\/uploads\/2025\/09\/blog-4.webp 1000w, https:\/\/tests.best4ads.pl\/wp-content\/uploads\/2025\/09\/blog-4-300x200.webp 300w, https:\/\/tests.best4ads.pl\/wp-content\/uploads\/2025\/09\/blog-4-768x511.webp 768w\" sizes=\"(max-width: 640px) 100vw, 640px\" \/>                    <\/div>\r\n                <\/div>\r\n                    <div class=\"col-lg-4\">\r\n            <h3 class=\"title\"> \r\n                <a href=\"https:\/\/tests.best4ads.pl\/?p=1139\">\r\n                    Local SEO Tactics Every Small Business Must Know                <\/a>\r\n            <\/h3>\r\n            <div class=\"mt-3 d-flex align-items-center\">\r\n                                    <div class=\"rt_blog__author me-3\">\r\n                        <a href=\"https:\/\/tests.best4ads.pl\/?author=1\" class=\"rt_blog__author__link\">\r\n                            <img decoding=\"async\" src=\"https:\/\/secure.gravatar.com\/avatar\/e9f65b06928d0520c6e689a1f6f9be40d90aa4d88375eec69552ff3deb72a584?s=96&d=mm&r=g\" alt=\"admin-PFbc5RCn\">\r\n                            <span class=\"fs-14\">admin-PFbc5RCn<\/span>\r\n                        <\/a>\r\n                    <\/div>\r\n                                                    <div class=\"rt_blog__date\">\r\n                        <i class=\"far fa-calendar-alt me-1\"><\/i>\r\n                    15 wrz 2025                    <\/div>\r\n                            <\/div>\r\n        <\/div>\r\n                    <div class=\"col-lg-4 blog__excerpt-wrapper\">\r\n                <p class=\"blog__excerpt\">\r\n                    In today\u2019s rapidly evolving market, staying ahead requires more than just intuition\u2014it demands insight, structure, and                <\/p>\r\n            <\/div>\r\n                    <\/div>\r\n<\/div>      \r\n\t\t\t\t <div class=\"rt_blog col-lg-12 col-md-12 col-sm-12 col-12\">\r\n    <div class=\"row gy-3 gx-5 align-items-center\">\r\n                <div class=\"col-lg-4\">\r\n            <h3 class=\"title\"> \r\n                <a href=\"https:\/\/tests.best4ads.pl\/?p=1137\">\r\n                    Why Technical SEO Is Crucial for Site Success                <\/a>\r\n            <\/h3>\r\n            <div class=\"mt-3 d-flex align-items-center\">\r\n                                    <div class=\"rt_blog__author me-3\">\r\n                        <a href=\"https:\/\/tests.best4ads.pl\/?author=1\" class=\"rt_blog__author__link\">\r\n                            <img decoding=\"async\" src=\"https:\/\/secure.gravatar.com\/avatar\/e9f65b06928d0520c6e689a1f6f9be40d90aa4d88375eec69552ff3deb72a584?s=96&d=mm&r=g\" alt=\"admin-PFbc5RCn\">\r\n                            <span class=\"fs-14\">admin-PFbc5RCn<\/span>\r\n                        <\/a>\r\n                    <\/div>\r\n                                                    <div class=\"rt_blog__date\">\r\n                        <i class=\"far fa-calendar-alt me-1\"><\/i>\r\n                    13 wrz 2025                    <\/div>\r\n                            <\/div>\r\n        <\/div>\r\n                    <div class=\"col-lg-4 blog__excerpt-wrapper\">\r\n                <p class=\"blog__excerpt\">\r\n                    In today\u2019s rapidly evolving market, staying ahead requires more than just intuition\u2014it demands insight, structure, and                <\/p>\r\n            <\/div>\r\n                                <div class=\"col-lg-4\">\r\n                    <div class=\"post__thumb\">\r\n                        <img loading=\"lazy\" decoding=\"async\" width=\"640\" height=\"426\" src=\"https:\/\/tests.best4ads.pl\/wp-content\/uploads\/2025\/09\/blog-3.webp\" class=\"w-100 rounded-1 wp-post-image\" alt=\"Why Technical SEO Is Crucial for Site Success\" srcset=\"https:\/\/tests.best4ads.pl\/wp-content\/uploads\/2025\/09\/blog-3.webp 1000w, https:\/\/tests.best4ads.pl\/wp-content\/uploads\/2025\/09\/blog-3-300x200.webp 300w, https:\/\/tests.best4ads.pl\/wp-content\/uploads\/2025\/09\/blog-3-768x511.webp 768w\" sizes=\"(max-width: 640px) 100vw, 640px\" \/>                    <\/div>\r\n                <\/div>\r\n                <\/div>\r\n<\/div>      \r\n\t\t\t\t  \r\n                <\/div> \r\n                \t\t\t\t<div class=\"reactheme-pagination-area\">\r\n                    <div class=\"nav-links\"><span aria-current=\"page\" class=\"page-numbers current\">1<\/span>\n<a class=\"page-numbers\" href=\"https:\/\/tests.best4ads.pl\/index.php\/?paged=2&#038;rest_route=%2Fwp%2Fv2%2Fpages%2F1152\">2<\/a>\n<a class=\"next page-numbers\" href=\"https:\/\/tests.best4ads.pl\/index.php\/?paged=2&#038;rest_route=%2Fwp%2Fv2%2Fpages%2F1152\">Nast\u0119pne &raquo;<\/a><\/div>\r\n                <\/div>\r\n\t\t\t              \r\n\t\t<\/div>\r\n\t   \t\t\t\t<\/div>\n\t\t\t\t<\/div>\n\t\t\t\t\t<\/div>\n\t\t\t\t<\/div>\n\t\t\t\t<\/div>\n\t\t","protected":false},"excerpt":{"rendered":"<p>Rank Higher Grow Faster Blog List Home Proven On-Page SEO Strategies to Boost Website Rankings seoly-admin 17 Sep 2025 In today\u2019s rapidly evolving market, staying ahead requires more than just intuition\u2014it demands insight, structure, and Link Building Methods That Still Work in 2025 seoly-admin 16 Sep 2025 In today\u2019s rapidly evolving market, staying ahead requires [&hellip;]<\/p>\n","protected":false},"author":1,"featured_media":0,"parent":0,"menu_order":0,"comment_status":"closed","ping_status":"closed","template":"elementor_header_footer","meta":{"footnotes":""},"class_list":["post-1152","page","type-page","status-publish","hentry"],"_links":{"self":[{"href":"https:\/\/tests.best4ads.pl\/index.php?rest_route=\/wp\/v2\/pages\/1152","targetHints":{"allow":["GET"]}}],"collection":[{"href":"https:\/\/tests.best4ads.pl\/index.php?rest_route=\/wp\/v2\/pages"}],"about":[{"href":"https:\/\/tests.best4ads.pl\/index.php?rest_route=\/wp\/v2\/types\/page"}],"author":[{"embeddable":true,"href":"https:\/\/tests.best4ads.pl\/index.php?rest_route=\/wp\/v2\/users\/1"}],"replies":[{"embeddable":true,"href":"https:\/\/tests.best4ads.pl\/index.php?rest_route=%2Fwp%2Fv2%2Fcomments&post=1152"}],"version-history":[{"count":1,"href":"https:\/\/tests.best4ads.pl\/index.php?rest_route=\/wp\/v2\/pages\/1152\/revisions"}],"predecessor-version":[{"id":1729,"href":"https:\/\/tests.best4ads.pl\/index.php?rest_route=\/wp\/v2\/pages\/1152\/revisions\/1729"}],"wp:attachment":[{"href":"https:\/\/tests.best4ads.pl\/index.php?rest_route=%2Fwp%2Fv2%2Fmedia&parent=1152"}],"curies":[{"name":"wp","href":"https:\/\/api.w.org\/{rel}","templated":true}]}}